{"id":1887,"date":"2020-06-20T09:10:47","date_gmt":"2020-06-20T09:10:47","guid":{"rendered":"http:\/\/ninzio.com\/octavian\/?page_id=1887"},"modified":"2023-06-17T16:21:19","modified_gmt":"2023-06-17T13:21:19","slug":"contact","status":"publish","type":"page","link":"https:\/\/bameteks.com\/en\/contact\/","title":{"rendered":"Contact"},"content":{"rendered":"<section class=\"wpb-content-wrapper\"><p>[vc_row full_width=&#8221;stretch_row&#8221; canvas=&#8221;%5B%7B%22shape%22%3A%22shape-1%22%2C%22image_effect%22%3A%22style-1%22%2C%22smoothness%22%3A%2230%22%7D%5D&#8221; css=&#8221;.vc_custom_1592643306738{background-color: #f8f8f9 !important;}&#8221;][vc_column]<div class=\"deeper-spacer clearfix\" data-config='{\"desktop\":150,\"mobile\":120,\"smobile\":90}'><\/div>[vc_row_inner][vc_column_inner offset=&#8221;vc_col-md-4&#8243;]<div class=\"deeper-content-box clearfix ctb-2094641979\" style=\"\" data-config='{\"padding\":\"70px 50px 86px\",\"mobiPadding\":\"70px 50px 86px\",\"margin\":\"0\",\"mobiMargin\":\"0\",\"bg\":\"#ffffff\",\"round\":\"10px\",\"borderStyleHover\":\"solid\",\"shadowHover\":\"0 30px 70px 0 rgba(227,239,240,0.7)\",\"TranslateYHover\":\"-10\"}'>\n\t\t\t\t\t<div class=\"inner \" style=\"overflow:hidden;\">\n\t\t\t\t\t\t<div class=\"deeper-icon-box clearfix icon-top align-center\" style=\"\" >\n\t\t\t\t\t<div class=\"deeper-image icon-top align-center\" >\n\t\t\t\t\t\t\t<div class=\"image-wrap\" style=\"width:90px;\">\n\t\t\t\t\t\t\t\t<img alt=\"image\" src=\"https:\/\/bameteks.com\/en\/wp-content\/uploads\/sites\/2\/2020\/06\/mailbox.png\">\n\t\t\t\t\t\t\t<\/div>\n\t\t\t\t\t\t<\/div> <h3 class=\"heading \" style=\"margin-top:40px;margin-bottom:15px;\">\n\t\t\t\t\t\t<span>Address<\/span>\n\t\t\t\t\t<\/h3><div class=\"desc \" style=\"\"><p>Ba\u011fl\u0131k Mah. Narin Cad. No:48 A B C \u00c7erkezk\u00f6y<br \/>\nTEK\u0130RDA\u011e<\/p>\n<\/div> \n\t\t\t\t<\/div>\n\t\t\t\t\t<\/div>\n\t\t\t\t\t\n\t\t\t\t<\/div><div class=\"deeper-spacer clearfix\" data-config='{\"mobile\":30,\"smobile\":30}'><\/div>[\/vc_column_inner][vc_column_inner offset=&#8221;vc_col-md-4&#8243;]<div class=\"deeper-content-box clearfix ctb-243967582\" style=\"\" data-config='{\"padding\":\"70px 50px 86px\",\"mobiPadding\":\"70px 50px 86px\",\"margin\":\"0\",\"mobiMargin\":\"0\",\"bg\":\"#ffffff\",\"round\":\"10px\",\"borderStyleHover\":\"solid\",\"shadowHover\":\"0 30px 70px 0 rgba(227,239,240,0.7)\",\"TranslateYHover\":\"-10\"}'>\n\t\t\t\t\t<div class=\"inner \" style=\"overflow:hidden;\">\n\t\t\t\t\t\t<div class=\"deeper-icon-box clearfix icon-top align-center\" style=\"\" >\n\t\t\t\t\t<div class=\"deeper-image icon-top align-center\" >\n\t\t\t\t\t\t\t<div class=\"image-wrap\" style=\"width:90px;\">\n\t\t\t\t\t\t\t\t<img alt=\"image\" src=\"https:\/\/bameteks.com\/en\/wp-content\/uploads\/sites\/2\/2020\/06\/phone.png\">\n\t\t\t\t\t\t\t<\/div>\n\t\t\t\t\t\t<\/div> <h3 class=\"heading \" style=\"margin-top:40px;margin-bottom:15px;\">\n\t\t\t\t\t\t<span>Phone<\/span>\n\t\t\t\t\t<\/h3><div class=\"desc \" style=\"\"><p>+90 282 726 74 30<br \/>\n+90 282 726 74 32<br \/>\n+90 553 891 29 47<\/p>\n<\/div> \n\t\t\t\t<\/div>\n\t\t\t\t\t<\/div>\n\t\t\t\t\t\n\t\t\t\t<\/div><div class=\"deeper-spacer clearfix\" data-config='{\"mobile\":30,\"smobile\":30}'><\/div>[\/vc_column_inner][vc_column_inner offset=&#8221;vc_col-md-4&#8243;]<div class=\"deeper-content-box clearfix ctb-897131337\" style=\"\" data-config='{\"padding\":\"70px 50px 86px\",\"mobiPadding\":\"70px 50px 86px\",\"margin\":\"0\",\"mobiMargin\":\"0\",\"bg\":\"#ffffff\",\"round\":\"10px\",\"borderStyleHover\":\"solid\",\"shadowHover\":\"0 30px 70px 0 rgba(227,239,240,0.7)\",\"TranslateYHover\":\"-10\"}'>\n\t\t\t\t\t<div class=\"inner \" style=\"overflow:hidden;\">\n\t\t\t\t\t\t<div class=\"deeper-icon-box clearfix icon-top align-center\" style=\"\" >\n\t\t\t\t\t<div class=\"deeper-image icon-top align-center\" >\n\t\t\t\t\t\t\t<div class=\"image-wrap\" style=\"width:90px;\">\n\t\t\t\t\t\t\t\t<img alt=\"image\" src=\"https:\/\/bameteks.com\/en\/wp-content\/uploads\/sites\/2\/2020\/06\/send.png\">\n\t\t\t\t\t\t\t<\/div>\n\t\t\t\t\t\t<\/div> <h3 class=\"heading \" style=\"margin-top:40px;margin-bottom:15px;\">\n\t\t\t\t\t\t<span>E-mail<\/span>\n\t\t\t\t\t<\/h3><div class=\"desc \" style=\"\"><p>info@bameteks.com\/en<br \/>\nmuhasebe@bameteks.com\/en<br \/>\nplanlama@bameteks.com\/en<\/p>\n<\/div> \n\t\t\t\t<\/div>\n\t\t\t\t\t<\/div>\n\t\t\t\t\t\n\t\t\t\t<\/div>[\/vc_column_inner][\/vc_row_inner]<div class=\"deeper-spacer clearfix\" data-config='{\"desktop\":150,\"mobile\":120,\"smobile\":90}'><\/div>[\/vc_column][\/vc_row][vc_row][vc_column]<div class=\"deeper-spacer clearfix\" data-config='{\"desktop\":150,\"mobile\":120,\"smobile\":90}'><\/div>[vc_row_inner equal_height=&#8221;yes&#8221;][vc_column_inner offset=&#8221;vc_col-md-5&#8243;]<div class=\"deeper-content-box clearfix ctb-1659400788 wow fadeInUp\" style=\"\" data-config='{\"padding\":\"0\",\"mobiPadding\":\"0\",\"margin\":\"0\",\"mobiMargin\":\"0\",\"borderStyleHover\":\"solid\"}' data-wow-duration=\"0.75s\" data-wow-delay=\"0.3s\">\n\t\t\t\t\t<div class=\"inner \" style=\"\">\n\t\t\t\t\t\t<h2 class=\"deeper-text align-left \" style=\"margin-bottom:0px;\" ><span>Contact us<\/span>\n<\/h2><div class=\"deeper-spacer clearfix\" data-config='{\"desktop\":100,\"mobile\":80,\"smobile\":60}'><\/div><div class=\"deeper-cf7 form-2993  btn-accent style-1 align-left\" style=\"\">\n<div class=\"wpcf7 no-js\" id=\"wpcf7-f2993-o1\" lang=\"en-US\" dir=\"ltr\">\n<div class=\"screen-reader-response\"><p role=\"status\" aria-live=\"polite\" aria-atomic=\"true\"><\/p> <ul><\/ul><\/div>\n<form action=\"\/en\/wp-json\/wp\/v2\/pages\/1887#wpcf7-f2993-o1\" method=\"post\" class=\"wpcf7-form init\" aria-label=\"Contact form\" novalidate=\"novalidate\" data-status=\"init\">\n<div style=\"display: none;\">\n<input type=\"hidden\" name=\"_wpcf7\" value=\"2993\" \/>\n<input type=\"hidden\" name=\"_wpcf7_version\" value=\"5.7.7\" \/>\n<input type=\"hidden\" name=\"_wpcf7_locale\" value=\"en_US\" \/>\n<input type=\"hidden\" name=\"_wpcf7_unit_tag\" value=\"wpcf7-f2993-o1\" \/>\n<input type=\"hidden\" name=\"_wpcf7_container_post\" value=\"0\" \/>\n<input type=\"hidden\" name=\"_wpcf7_posted_data_hash\" value=\"\" \/>\n<\/div>\n<p><span class=\"wpcf7-form-control-wrap\" data-name=\"your-name\"><input size=\"40\" class=\"wpcf7-form-control wpcf7-text wpcf7-validates-as-required\" aria-required=\"true\" aria-invalid=\"false\" value=\"Your Name\" type=\"text\" name=\"your-name\" \/><\/span>\n<\/p>\n<p><span class=\"wpcf7-form-control-wrap\" data-name=\"your-email\"><input size=\"40\" class=\"wpcf7-form-control wpcf7-text wpcf7-email wpcf7-validates-as-required wpcf7-validates-as-email\" aria-required=\"true\" aria-invalid=\"false\" value=\"E-mail\" type=\"email\" name=\"your-email\" \/><\/span>\n<\/p>\n<p><span class=\"wpcf7-form-control-wrap\" data-name=\"your-message\"><textarea cols=\"40\" rows=\"10\" class=\"wpcf7-form-control wpcf7-textarea\" aria-invalid=\"false\" name=\"your-message\">Message<\/textarea><\/span>\n<\/p>\n<p><button class=\"wpcf7-submit\">Send<\/button>\n<\/p><div class=\"wpcf7-response-output\" aria-hidden=\"true\"><\/div>\n<\/form>\n<\/div>\n<\/div>\n\t\t\t\t\t<\/div>\n\t\t\t\t\t\n\t\t\t\t<\/div>[\/vc_column_inner][vc_column_inner offset=&#8221;vc_col-md-7&#8243;]<div class=\"deeper-content-box clearfix ctb-872584415 display-flex justify-content-flex-end\" style=\"\" data-config='{\"padding\":\"100px 0 0 40px\",\"mobiPadding\":\"100px 0 0 40px\",\"margin\":\"0\",\"mobiMargin\":\"0\",\"borderStyleHover\":\"solid\"}'>\n\t\t\t\t\t<div class=\"inner \" style=\"\">\n\t\t\t\t\t\t<div class=\"deeper-fancy-image simple \" style=\"\" >\n\t\t\t\t\t\t\t<img alt=\"image\" src=\"https:\/\/bameteks.com\/en\/wp-content\/uploads\/sites\/2\/2020\/06\/image-58.png\" \/> \n\t\t\t\t\t\t<\/div>\n\t\t\t\t\t<\/div>\n\t\t\t\t\t\n\t\t\t\t<\/div>[\/vc_column_inner][\/vc_row_inner]<div class=\"deeper-spacer clearfix\" data-config='{\"desktop\":75,\"mobile\":65,\"smobile\":55}'><\/div>[\/vc_column][\/vc_row][vc_row full_width=&#8221;stretch_row_content_no_spaces&#8221; canvas=&#8221;%5B%7B%22shape%22%3A%22shape-1%22%2C%22image_effect%22%3A%22style-1%22%2C%22smoothness%22%3A%2230%22%7D%5D&#8221;][vc_column][vc_gmaps link=&#8221;#E-8_JTNDaWZyYW1lJTIwc3JjJTNEJTIyaHR0cHMlM0ElMkYlMkZ3d3cuZ29vZ2xlLmNvbSUyRm1hcHMlMkZlbWJlZCUzRnBiJTNEJTIxMW0xOCUyMTFtMTIlMjExbTMlMjExZDIxMTkuNDE5MDM5MjY0NDE5NiUyMTJkMjguMDAzNzcwMTMyNjI0MDMlMjEzZDQxLjMwMjA5NDI2ODU4OTMzJTIxMm0zJTIxMWYwJTIxMmYwJTIxM2YwJTIxM20yJTIxMWkxMDI0JTIxMmk3NjglMjE0ZjEzLjElMjEzbTMlMjExbTIlMjExczB4MTRiNTI2MTg4ODJjMDhjMSUyNTNBMHgyZjYxMmQ3OTViMzE0M2M1JTIxMnNCYW1ldGVrcyUyNTIwVGVrc3RpbCUyMTVlMCUyMTNtMiUyMTFzdHIlMjEyc3RyJTIxNHYxNjgzNjMwMDU1MzQyJTIxNW0yJTIxMXN0ciUyMTJzdHIlMjIlMjB3aWR0aCUzRCUyMjYwMCUyMiUyMGhlaWdodCUzRCUyMjQ1MCUyMiUyMHN0eWxlJTNEJTIyYm9yZGVyJTNBMCUzQiUyMiUyMGFsbG93ZnVsbHNjcmVlbiUzRCUyMiUyMiUyMGxvYWRpbmclM0QlMjJsYXp5JTIyJTIwcmVmZXJyZXJwb2xpY3klM0QlMjJuby1yZWZlcnJlci13aGVuLWRvd25ncmFkZSUyMiUzRSUzQyUyRmlmcmFtZSUzRQ==&#8221; css_animation=&#8221;fadeIn&#8221;][\/vc_column][\/vc_row]<\/p>\n<\/section>","protected":false},"excerpt":{"rendered":"<p>[vc_row full_width=&#8221;stretch_row&#8221; canvas=&#8221;%5B%7B%22shape%22%3A%22shape-1%22%2C%22image_effect%22%3A%22style-1%22%2C%22smoothness%22%3A%2230%22%7D%5D&#8221; css=&#8221;.vc_custom_1592643306738{background-color: #f8f8f9 !important;}&#8221;][vc_column][vc_row_inner][vc_column_inner offset=&#8221;vc_col-md-4&#8243;][\/vc_column_inner][vc_column_inner offset=&#8221;vc_col-md-4&#8243;][\/vc_column_inner][vc_column_inner offset=&#8221;vc_col-md-4&#8243;][\/vc_column_inner][\/vc_row_inner][\/vc_column][\/vc_row][vc_row][vc_column][vc_row_inner equal_height=&#8221;yes&#8221;][vc_column_inner offset=&#8221;vc_col-md-5&#8243;][\/vc_column_inner][vc_column_inner offset=&#8221;vc_col-md-7&#8243;][\/vc_column_inner][\/vc_row_inner][\/vc_column][\/vc_row][vc_row full_width=&#8221;stretch_row_content_no_spaces&#8221; canvas=&#8221;%5B%7B%22shape%22%3A%22shape-1%22%2C%22image_effect%22%3A%22style-1%22%2C%22smoothness%22%3A%2230%22%7D%5D&#8221;][vc_column][vc_gmaps link=&#8221;#E-8_JTNDaWZyYW1lJTIwc3JjJTNEJTIyaHR0cHMlM0ElMkYlMkZ3d3cuZ29vZ2xlLmNvbSUyRm1hcHMlMkZlbWJlZCUzRnBiJTNEJTIxMW0xOCUyMTFtMTIlMjExbTMlMjExZDIxMTkuNDE5MDM5MjY0NDE5NiUyMTJkMjguMDAzNzcwMTMyNjI0MDMlMjEzZDQxLjMwMjA5NDI2ODU4OTMzJTIxMm0zJTIxMWYwJTIxMmYwJTIxM2YwJTIxM20yJTIxMWkxMDI0JTIxMmk3NjglMjE0ZjEzLjElMjEzbTMlMjExbTIlMjExczB4MTRiNTI2MTg4ODJjMDhjMSUyNTNBMHgyZjYxMmQ3OTViMzE0M2M1JTIxMnNCYW1ldGVrcyUyNTIwVGVrc3RpbCUyMTVlMCUyMTNtMiUyMTFzdHIlMjEyc3RyJTIxNHYxNjgzNjMwMDU1MzQyJTIxNW0yJTIxMXN0ciUyMTJzdHIlMjIlMjB3aWR0aCUzRCUyMjYwMCUyMiUyMGhlaWdodCUzRCUyMjQ1MCUyMiUyMHN0eWxlJTNEJTIyYm9yZGVyJTNBMCUzQiUyMiUyMGFsbG93ZnVsbHNjcmVlbiUzRCUyMiUyMiUyMGxvYWRpbmclM0QlMjJsYXp5JTIyJTIwcmVmZXJyZXJwb2xpY3klM0QlMjJuby1yZWZlcnJlci13aGVuLWRvd25ncmFkZSUyMiUzRSUzQyUyRmlmcmFtZSUzRQ==&#8221; css_animation=&#8221;fadeIn&#8221;][\/vc_column][\/vc_row]<\/p>\n","protected":false},"author":1,"featured_media":0,"parent":0,"menu_order":0,"comment_status":"closed","ping_status":"closed","template":"","meta":[],"_links":{"self":[{"href":"https:\/\/bameteks.com\/en\/wp-json\/wp\/v2\/pages\/1887"}],"collection":[{"href":"https:\/\/bameteks.com\/en\/wp-json\/wp\/v2\/pages"}],"about":[{"href":"https:\/\/bameteks.com\/en\/wp-json\/wp\/v2\/types\/page"}],"author":[{"embeddable":true,"href":"https:\/\/bameteks.com\/en\/wp-json\/wp\/v2\/users\/1"}],"replies":[{"embeddable":true,"href":"https:\/\/bameteks.com\/en\/wp-json\/wp\/v2\/comments?post=1887"}],"version-history":[{"count":25,"href":"https:\/\/bameteks.com\/en\/wp-json\/wp\/v2\/pages\/1887\/revisions"}],"predecessor-version":[{"id":3442,"href":"https:\/\/bameteks.com\/en\/wp-json\/wp\/v2\/pages\/1887\/revisions\/3442"}],"wp:attachment":[{"href":"https:\/\/bameteks.com\/en\/wp-json\/wp\/v2\/media?parent=1887"}],"curies":[{"name":"wp","href":"https:\/\/api.w.org\/{rel}","templated":true}]}}